{"id":313,"date":"2018-12-04T17:15:02","date_gmt":"2018-12-04T19:15:02","guid":{"rendered":"http:\/\/www.perfinaco.com.br\/1\/?page_id=313"},"modified":"2018-12-04T17:16:33","modified_gmt":"2018-12-04T19:16:33","slug":"mata-burro","status":"publish","type":"page","link":"https:\/\/www.perfinaco.com.br\/1\/mata-burro\/","title":{"rendered":"Mata Burro"},"content":{"rendered":"\t\t<div data-elementor-type=\"wp-post\" data-elementor-id=\"313\" class=\"elementor elementor-313 elementor-bc-flex-widget\">\n\t\t\t\t\t\t<section class=\"elementor-section elementor-top-section elementor-element elementor-element-3218cf7 elementor-section-boxed elementor-section-height-default elementor-section-height-default\" data-id=\"3218cf7\" data-element_type=\"section\">\n\t\t\t\t\t\t<div class=\"elementor-container elementor-column-gap-default\">\n\t\t\t\t\t<div class=\"elementor-column elementor-col-100 elementor-top-column elementor-element elementor-element-dab0995\" data-id=\"dab0995\" data-element_type=\"column\">\n\t\t\t<div class=\"elementor-widget-wrap elementor-element-populated\">\n\t\t\t\t\t\t<div class=\"elementor-element elementor-element-e6efbeb elementor-widget elementor-widget-text-editor\" data-id=\"e6efbeb\" data-element_type=\"widget\" data-widget_type=\"text-editor.default\">\n\t\t\t\t<div class=\"elementor-widget-container\">\n\t\t\t\t\t\t\t\t\t<p>O mata-burro da Perfina\u00e7o oferece uma solu\u00e7\u00e3o econ\u00f4mica, simples e r\u00e1pida, aliada a um produto totalmente executado em perfis de a\u00e7o resistentes \u00e0 corros\u00e3o atmosf\u00e9rica (SAC\/COR).<\/p><p>O mata-burro da Perfina\u00e7o \u00e9 composto de dois m\u00f3dulos de dimens\u00f5es id\u00eanticas, que s\u00e3o unidos posteriormente atrav\u00e9s de um m\u00f3dulo que une os dois m\u00f3dulos principais por meio de parafusos.<\/p><p>Consulte-nos sobre os servi\u00e7os e especifica\u00e7\u00f5es t\u00e9cnicas deste produto.<\/p>\t\t\t\t\t\t\t\t<\/div>\n\t\t\t\t<\/div>\n\t\t\t\t\t<\/div>\n\t\t<\/div>\n\t\t\t\t\t<\/div>\n\t\t<\/section>\n\t\t\t\t<section class=\"elementor-section elementor-top-section elementor-element elementor-element-72e8e17 elementor-section-boxed elementor-section-height-default elementor-section-height-default\" data-id=\"72e8e17\" data-element_type=\"section\">\n\t\t\t\t\t\t<div class=\"elementor-container elementor-column-gap-default\">\n\t\t\t\t\t<div class=\"elementor-column elementor-col-100 elementor-top-column elementor-element elementor-element-53ad505\" data-id=\"53ad505\" data-element_type=\"column\">\n\t\t\t<div class=\"elementor-widget-wrap elementor-element-populated\">\n\t\t\t\t\t\t<div class=\"elementor-element elementor-element-e842d9e elementor-arrows-position-inside elementor-pagination-position-outside elementor-widget elementor-widget-image-carousel\" data-id=\"e842d9e\" data-element_type=\"widget\" data-settings=\"{&quot;slides_to_show&quot;:&quot;1&quot;,&quot;navigation&quot;:&quot;both&quot;,&quot;autoplay&quot;:&quot;yes&quot;,&quot;pause_on_hover&quot;:&quot;yes&quot;,&quot;pause_on_interaction&quot;:&quot;yes&quot;,&quot;autoplay_speed&quot;:5000,&quot;infinite&quot;:&quot;yes&quot;,&quot;effect&quot;:&quot;slide&quot;,&quot;speed&quot;:500}\" data-widget_type=\"image-carousel.default\">\n\t\t\t\t<div class=\"elementor-widget-container\">\n\t\t\t\t\t\t\t<div class=\"elementor-image-carousel-wrapper swiper\" role=\"region\" aria-roledescription=\"carousel\" aria-label=\"Carrossel de imagens\" dir=\"ltr\">\n\t\t\t<div class=\"elementor-image-carousel swiper-wrapper\" aria-live=\"off\">\n\t\t\t\t\t\t\t\t<div class=\"swiper-slide\" role=\"group\" aria-roledescription=\"slide\" aria-label=\"1 de 3\"><figure class=\"swiper-slide-inner\"><img decoding=\"async\" class=\"swiper-slide-image\" src=\"https:\/\/www.perfinaco.com.br\/1\/wp-content\/uploads\/2018\/12\/mata-burro.jpg\" alt=\"Mata Burro\" \/><figcaption class=\"elementor-image-carousel-caption\">Mata Burro<\/figcaption><\/figure><\/div><div class=\"swiper-slide\" role=\"group\" aria-roledescription=\"slide\" aria-label=\"2 de 3\"><figure class=\"swiper-slide-inner\"><img decoding=\"async\" class=\"swiper-slide-image\" src=\"https:\/\/www.perfinaco.com.br\/1\/wp-content\/uploads\/2018\/12\/mata-burro-1.jpg\" alt=\"Mata Burro\" \/><figcaption class=\"elementor-image-carousel-caption\">Mata Burro<\/figcaption><\/figure><\/div><div class=\"swiper-slide\" role=\"group\" aria-roledescription=\"slide\" aria-label=\"3 de 3\"><figure class=\"swiper-slide-inner\"><img decoding=\"async\" class=\"swiper-slide-image\" src=\"https:\/\/www.perfinaco.com.br\/1\/wp-content\/uploads\/2018\/12\/mata-burros.jpg\" alt=\"Mata Burro\" \/><figcaption class=\"elementor-image-carousel-caption\">Mata Burro<\/figcaption><\/figure><\/div>\t\t\t<\/div>\n\t\t\t\t\t\t\t\t\t\t\t\t<div class=\"elementor-swiper-button elementor-swiper-button-prev\" role=\"button\" tabindex=\"0\">\n\t\t\t\t\t\t<i aria-hidden=\"true\" class=\"eicon-chevron-left\"><\/i>\t\t\t\t\t<\/div>\n\t\t\t\t\t<div class=\"elementor-swiper-button elementor-swiper-button-next\" role=\"button\" tabindex=\"0\">\n\t\t\t\t\t\t<i aria-hidden=\"true\" class=\"eicon-chevron-right\"><\/i>\t\t\t\t\t<\/div>\n\t\t\t\t\n\t\t\t\t\t\t\t\t\t<div class=\"swiper-pagination\"><\/div>\n\t\t\t\t\t\t\t\t\t<\/div>\n\t\t\t\t\t\t<\/div>\n\t\t\t\t<\/div>\n\t\t\t\t\t<\/div>\n\t\t<\/div>\n\t\t\t\t\t<\/div>\n\t\t<\/section>\n\t\t\t\t<\/div>\n\t\t","protected":false},"excerpt":{"rendered":"<p>O mata-burro da Perfina\u00e7o oferece uma solu\u00e7\u00e3o econ\u00f4mica, simples e r\u00e1pida, aliada a um produto totalmente executado em perfis de a\u00e7o resistentes \u00e0 corros\u00e3o atmosf\u00e9rica (SAC\/COR). O mata-burro da Perfina\u00e7o \u00e9 composto de dois m\u00f3dulos de dimens\u00f5es id\u00eanticas, que s\u00e3o unidos posteriormente atrav\u00e9s de um m\u00f3dulo que une os dois m\u00f3dulos principais por meio de [&hellip;]<\/p>\n","protected":false},"author":1,"featured_media":0,"parent":0,"menu_order":0,"comment_status":"closed","ping_status":"closed","template":"","meta":{"footnotes":""},"class_list":["post-313","page","type-page","status-publish","hentry"],"_links":{"self":[{"href":"https:\/\/www.perfinaco.com.br\/1\/wp-json\/wp\/v2\/pages\/313","targetHints":{"allow":["GET"]}}],"collection":[{"href":"https:\/\/www.perfinaco.com.br\/1\/wp-json\/wp\/v2\/pages"}],"about":[{"href":"https:\/\/www.perfinaco.com.br\/1\/wp-json\/wp\/v2\/types\/page"}],"author":[{"embeddable":true,"href":"https:\/\/www.perfinaco.com.br\/1\/wp-json\/wp\/v2\/users\/1"}],"replies":[{"embeddable":true,"href":"https:\/\/www.perfinaco.com.br\/1\/wp-json\/wp\/v2\/comments?post=313"}],"version-history":[{"count":2,"href":"https:\/\/www.perfinaco.com.br\/1\/wp-json\/wp\/v2\/pages\/313\/revisions"}],"predecessor-version":[{"id":318,"href":"https:\/\/www.perfinaco.com.br\/1\/wp-json\/wp\/v2\/pages\/313\/revisions\/318"}],"wp:attachment":[{"href":"https:\/\/www.perfinaco.com.br\/1\/wp-json\/wp\/v2\/media?parent=313"}],"curies":[{"name":"wp","href":"https:\/\/api.w.org\/{rel}","templated":true}]}}