{"id":47,"date":"2018-10-02T11:03:36","date_gmt":"2018-10-02T14:03:36","guid":{"rendered":"http:\/\/www.perfinaco.com.br\/1\/?page_id=47"},"modified":"2019-02-27T09:51:49","modified_gmt":"2019-02-27T12:51:49","slug":"produtos","status":"publish","type":"page","link":"https:\/\/www.perfinaco.com.br\/1\/produtos\/","title":{"rendered":"Produtos"},"content":{"rendered":"\t\t<div data-elementor-type=\"wp-post\" data-elementor-id=\"47\" class=\"elementor elementor-47 elementor-bc-flex-widget\">\n\t\t\t\t\t\t<section class=\"elementor-section elementor-top-section elementor-element elementor-element-44b0ddb elementor-section-boxed elementor-section-height-default elementor-section-height-default\" data-id=\"44b0ddb\" data-element_type=\"section\">\n\t\t\t\t\t\t<div class=\"elementor-container elementor-column-gap-default\">\n\t\t\t\t\t<div class=\"elementor-column elementor-col-100 elementor-top-column elementor-element elementor-element-95fcf57\" data-id=\"95fcf57\" data-element_type=\"column\">\n\t\t\t<div class=\"elementor-widget-wrap elementor-element-populated\">\n\t\t\t\t\t\t<div class=\"elementor-element elementor-element-10a1098 elementor-arrows-position-inside elementor-pagination-position-outside elementor-widget elementor-widget-image-carousel\" data-id=\"10a1098\" data-element_type=\"widget\" data-settings=\"{&quot;slides_to_show&quot;:&quot;1&quot;,&quot;navigation&quot;:&quot;both&quot;,&quot;autoplay&quot;:&quot;yes&quot;,&quot;pause_on_hover&quot;:&quot;yes&quot;,&quot;pause_on_interaction&quot;:&quot;yes&quot;,&quot;autoplay_speed&quot;:5000,&quot;infinite&quot;:&quot;yes&quot;,&quot;effect&quot;:&quot;slide&quot;,&quot;speed&quot;:500}\" data-widget_type=\"image-carousel.default\">\n\t\t\t\t<div class=\"elementor-widget-container\">\n\t\t\t\t\t\t\t<div class=\"elementor-image-carousel-wrapper swiper\" role=\"region\" aria-roledescription=\"carousel\" aria-label=\"Carrossel de imagens\" dir=\"ltr\">\n\t\t\t<div class=\"elementor-image-carousel swiper-wrapper\" aria-live=\"off\">\n\t\t\t\t\t\t\t\t<div class=\"swiper-slide\" role=\"group\" aria-roledescription=\"slide\" aria-label=\"1 de 3\"><figure class=\"swiper-slide-inner\"><img decoding=\"async\" class=\"swiper-slide-image\" src=\"https:\/\/www.perfinaco.com.br\/1\/wp-content\/uploads\/elementor\/thumbs\/banner-siderurgia-1-owh9i0b47g660rcg8kb6x46d16l8364gxhs11l95jk.jpg\" alt=\"banner-siderurgia-1\" \/><\/figure><\/div><div class=\"swiper-slide\" role=\"group\" aria-roledescription=\"slide\" aria-label=\"2 de 3\"><figure class=\"swiper-slide-inner\"><img decoding=\"async\" class=\"swiper-slide-image\" src=\"https:\/\/www.perfinaco.com.br\/1\/wp-content\/uploads\/elementor\/thumbs\/banner-construcao-3-owh9hwjrg410qbhwuioon54inn3r8dpjkz634heq8g.jpg\" alt=\"banner-construcao-3\" \/><\/figure><\/div><div class=\"swiper-slide\" role=\"group\" aria-roledescription=\"slide\" aria-label=\"3 de 3\"><figure class=\"swiper-slide-inner\"><img decoding=\"async\" class=\"swiper-slide-image\" src=\"https:\/\/www.perfinaco.com.br\/1\/wp-content\/uploads\/elementor\/thumbs\/banner-automotivo-1-owh9hvlx99zqepja00a22nd2298e0olt8uiln7g4eo.jpg\" alt=\"banner-automotivo-1\" \/><\/figure><\/div>\t\t\t<\/div>\n\t\t\t\t\t\t\t\t\t\t\t\t<div class=\"elementor-swiper-button elementor-swiper-button-prev\" role=\"button\" tabindex=\"0\">\n\t\t\t\t\t\t<i aria-hidden=\"true\" class=\"eicon-chevron-left\"><\/i>\t\t\t\t\t<\/div>\n\t\t\t\t\t<div class=\"elementor-swiper-button elementor-swiper-button-next\" role=\"button\" tabindex=\"0\">\n\t\t\t\t\t\t<i aria-hidden=\"true\" class=\"eicon-chevron-right\"><\/i>\t\t\t\t\t<\/div>\n\t\t\t\t\n\t\t\t\t\t\t\t\t\t<div class=\"swiper-pagination\"><\/div>\n\t\t\t\t\t\t\t\t\t<\/div>\n\t\t\t\t\t\t<\/div>\n\t\t\t\t<\/div>\n\t\t\t\t\t<\/div>\n\t\t<\/div>\n\t\t\t\t\t<\/div>\n\t\t<\/section>\n\t\t\t\t<section class=\"elementor-section elementor-top-section elementor-element elementor-element-575d elementor-section-boxed elementor-section-height-default elementor-section-height-default\" data-id=\"575d\" data-element_type=\"section\">\n\t\t\t\t\t\t<div class=\"elementor-container elementor-column-gap-default\">\n\t\t\t\t\t<div class=\"elementor-column elementor-col-100 elementor-top-column elementor-element elementor-element-79c4\" data-id=\"79c4\" data-element_type=\"column\">\n\t\t\t<div class=\"elementor-widget-wrap elementor-element-populated\">\n\t\t\t\t\t\t<div class=\"elementor-element elementor-element-5b1c elementor-widget elementor-widget-text-editor\" data-id=\"5b1c\" data-element_type=\"widget\" data-widget_type=\"text-editor.default\">\n\t\t\t\t<div class=\"elementor-widget-container\">\n\t\t\t\t\t\t\t\t\t<p><!--vcv no format--><\/p><div><div data-vce-do-apply=\"all el-ddd2006b\"><div data-vce-element-content=\"true\"><div data-vce-do-apply=\"background border el-4b3b83aa\"><div data-vce-element-content=\"true\" data-vce-do-apply=\"padding margin el-4b3b83aa\"><div><div data-vce-do-apply=\"all el-191d20db\"><span style=\"color: #737f85; font-family: 'Droid Sans'; font-size: 15px;\">Todos os nossos produtos s\u00e3o desenvolvidos a partir de bobinas de a\u00e7o carbono laminadas \u00e0 frio, laminadas \u00e0 quente, decapadas ou em materiais galvanizados. Nos materiais desenvolvidos a partir de chapas mais grossas utilizamos chapas laminadas \u00e0 quente.<\/span><\/div><div data-vce-do-apply=\"all el-191d20db\"><span style=\"color: #737f85; font-family: 'Droid Sans'; font-size: 15px;\">\u00a0<\/span><\/div><p align=\"justify\">A Perfina\u00e7o conta com equipamentos para trabalhar diversas bobinas de a\u00e7o nas espessuras de 0,30 mm a 12,70 mm.<\/p><p align=\"justify\">\u00a0<\/p><\/div><\/div><\/div><\/div><\/div><div data-vce-do-apply=\"all el-1c94ef6d\"><div data-vce-element-content=\"true\"><div data-vce-do-apply=\"background border el-5b5deef1\"><div data-vce-element-content=\"true\" data-vce-do-apply=\"padding margin el-5b5deef1\"><div data-vce-do-apply=\"all el-27140780\"><ol><li>Perfis;<\/li><li>Perfis Especiais;<\/li><li>Perfis Dobrados;<\/li><li>Perfis Serralheria;<\/li><li>Tubos;<\/li><li>Blank de Tubos;<\/li><li>Telhas;<\/li><li>Cumeeiras;<\/li><li>Chapas;<\/li><li>Kit Casa;<\/li><li>Mata Burro;<\/li><li>Steel Deck;<\/li><li>Bobinas;<\/li><li>Rolos;<\/li><li>F\u00f4rma para laje;<\/li><\/ol><\/div><\/div><\/div><\/div><\/div><\/div><p><!--vcv no format--><\/p>\t\t\t\t\t\t\t\t<\/div>\n\t\t\t\t<\/div>\n\t\t\t\t\t<\/div>\n\t\t<\/div>\n\t\t\t\t\t<\/div>\n\t\t<\/section>\n\t\t\t\t<\/div>\n\t\t","protected":false},"excerpt":{"rendered":"<p>Todos os nossos produtos s\u00e3o desenvolvidos a partir de bobinas de a\u00e7o carbono laminadas \u00e0 frio, laminadas \u00e0 quente, decapadas ou em materiais galvanizados. Nos materiais desenvolvidos a partir de chapas mais grossas utilizamos chapas laminadas \u00e0 quente.\u00a0 A Perfina\u00e7o conta com equipamentos para trabalhar diversas bobinas de a\u00e7o nas espessuras de 0,30 mm a [&hellip;]<\/p>\n","protected":false},"author":1,"featured_media":0,"parent":0,"menu_order":0,"comment_status":"closed","ping_status":"closed","template":"","meta":{"footnotes":""},"class_list":["post-47","page","type-page","status-publish","hentry"],"_links":{"self":[{"href":"https:\/\/www.perfinaco.com.br\/1\/wp-json\/wp\/v2\/pages\/47","targetHints":{"allow":["GET"]}}],"collection":[{"href":"https:\/\/www.perfinaco.com.br\/1\/wp-json\/wp\/v2\/pages"}],"about":[{"href":"https:\/\/www.perfinaco.com.br\/1\/wp-json\/wp\/v2\/types\/page"}],"author":[{"embeddable":true,"href":"https:\/\/www.perfinaco.com.br\/1\/wp-json\/wp\/v2\/users\/1"}],"replies":[{"embeddable":true,"href":"https:\/\/www.perfinaco.com.br\/1\/wp-json\/wp\/v2\/comments?post=47"}],"version-history":[{"count":17,"href":"https:\/\/www.perfinaco.com.br\/1\/wp-json\/wp\/v2\/pages\/47\/revisions"}],"predecessor-version":[{"id":516,"href":"https:\/\/www.perfinaco.com.br\/1\/wp-json\/wp\/v2\/pages\/47\/revisions\/516"}],"wp:attachment":[{"href":"https:\/\/www.perfinaco.com.br\/1\/wp-json\/wp\/v2\/media?parent=47"}],"curies":[{"name":"wp","href":"https:\/\/api.w.org\/{rel}","templated":true}]}}